{"id":4139,"date":"2022-05-18T16:03:28","date_gmt":"2022-05-18T15:03:28","guid":{"rendered":"https:\/\/saorafael.up-dev.com\/politica-de-cookies\/"},"modified":"2022-06-17T14:54:35","modified_gmt":"2022-06-17T13:54:35","slug":"cookie-policy","status":"publish","type":"page","link":"https:\/\/saorafael.up-dev.com\/en\/cookie-policy\/","title":{"rendered":"Cookie Policy"},"content":{"rendered":"    <section\n    class=\"row container banner-block flex justify-end items-center flex-col  theme--accent\"\n    id=\"block_62850aa1a6950\"\n        >\n                \n                <div class=\"banner-content-block  \">\n            \n            \n                            <h1 class=\"mb-12\">Cookie Policy                                            <span class=\"subtitle\">\n                            We&#8217; re not Cookie Monster                        <\/span>\n                                    <\/h1>\n                                <\/div>\n        \n\n                <div class=\"scroll-button-banner\">Scroll            <svg width=\"14\" height=\"8\" viewBox=\"0 0 14 8\" fill=\"none\" xmlns=\"http:\/\/www.w3.org\/2000\/svg\"><path d=\"M12.6849 1.15802L6.99994 6.84202L1.31494 1.15802\" stroke=\"#303031\" stroke-width=\"1.5\" stroke-linecap=\"round\" stroke-linejoin=\"round\"\/><\/svg>\n        <\/div>\n    <\/section>\n    \n\n\n<h3><strong>What are cookies?<\/strong><\/h3>\n\n\n\n<p>Cookies are small information files that are stored on your computer or mobile device (tablet, mobile phone) via your browser. These files allow the website to &#8220;remember&#8221; your actions and preferences for a certain period of time, namely your user name, the language you have chosen, the size of characters and other display settings. This is why when you scroll through the pages of a website or return to a website you have already visited, you do not, in principle, have to re-enter your preferences.<\/p>\n\n\n\n<h3><strong>What types of cookies are there?<\/strong><\/h3>\n\n\n\n<p>Cookies are classified by their life cycle and the domain to which they belong.<\/p>\n\n\n\n<p>Regarding the life cycle cookies can be:<\/p>\n\n\n\n<ul><li><strong>Persistent Cookies: <\/strong>these are cookies that remain in the user&#8217;s browser for a certain period of time after the user leaves the website, unless the user deletes them.<\/li><li><strong>Session Cookies: <\/strong>these are cookies that remain in the user&#8217;s browser only during the visit, disappearing as soon as the user leaves the website.<\/li><\/ul>\n\n\n\n<p>As for the domain to which the cookies belong they can be:<\/p>\n\n\n\n<ul><li><strong>Own Cookies: <\/strong>these are cookies sent to the user&#8217;s terminal equipment from a device or domain managed by PBHS and Lusco Fusco and from which the service requested by the user is provided.<\/li><li><strong>Third-Party Cookies:<\/strong>&nbsp;are cookies sent to the user&#8217;s terminal equipment from a device or domain that is not managed by PBHS and Lusco Fusco, but by another entity that processes the data collected through the cookies.<\/li><\/ul>\n\n\n\n<h3><strong>What cookies do we use?<\/strong><\/h3>\n\n\n\n<p>The data controller is PBHS &#8211; Portugal Best Holiday Services, S.A. (hereinafter referred to as &#8220;PBHS&#8221;), NIPC 513803076 and with registered office at Monte Novo Montargil, En2 7425-144 Montargil and, Lusco Fusco &#8211; Explora\u00e7\u00e3o Tur\u00edstica, S.A, (hereinafter referred to as &#8220;Lusco Fusco&#8221;), NIPC 508814472 and with registered office at Urbaniza\u00e7\u00e3o S\u00e3o Rafael, Lote 26, Fase 2 8200-613 Albufeira.<\/p>\n\n\n\n<p>PBHS and Lusco Fusco shall jointly determine, on the basis of a written agreement, the purposes and means of processing your personal data.<\/p>\n\n\n\n<p>The essence of the agreement can be consulted <span style=\"text-decoration: underline;\">here<\/span>.<\/p>\n\n\n\n<h3><strong>How to manage your cookies?<\/strong><\/h3>\n\n\n\n<p>The user can accept, refuse or remove cookies through the management of the browser settings, always giving the user the possibility to change their permissions.<\/p>\n\n\n\n<p>The user can configure cookies in the &#8220;options&#8221; or &#8220;preferences&#8221; menu of their browser.<\/p>\n\n\n\n<p>If you choose to disable cookies you may prevent some services from working properly, affecting, partially or totally, your browsing experience.<\/p>\n\n\n\n<p>To manage the use of cookies, the procedures to be used should be consulted in the help options of the browsers.<\/p>\n\n\n\n<p><strong>Firefox:<\/strong><\/p>\n\n\n\n<figure class=\"wp-block-embed\"><div class=\"wp-block-embed__wrapper\">\nhttps:\/\/support.mozilla.org\/en-US\/kb\/enable-and-disable-cookies-website-preferences\n<\/div><\/figure>\n\n\n\n<p><strong>Chrome:<\/strong><\/p>\n\n\n\n<figure class=\"wp-block-embed\"><div class=\"wp-block-embed__wrapper\">\nhttps:\/\/support.google.com\/chrome\/answer\/95647?hl=pt\n<\/div><\/figure>\n\n\n\n<p><strong>Internet Explorer:<\/strong><\/p>\n\n\n\n<p><a href=\"https:\/\/windows.microsoft.com\/pt-pt\/internet-explorer\/delete-manage-cookies#ie=ie-10\">https:\/\/windows.microsoft.com\/pt-pt\/internet-explorer\/delete-manage-cookies#ie=ie-10<\/a><\/p>\n\n\n\n<p>Further information can be found on the websites https:\/\/www.allaboutcookies.org\/ or https:\/\/www.cookiecentral.com\/.<\/p>\n\n\n\n<h3><strong>Cookie Policy Update<\/strong><\/h3>\n\n\n\n<p>This Privacy Policy is periodically reviewed by PBHS and Lusco Fusco and may be updated from time to time.<\/p>\n\n\n\n<p>The Privacy Policy was revised and published in May 2022.<\/p>\n","protected":false},"excerpt":{"rendered":"<p>What are cookies? Cookies are small information files that are stored on your computer or mobile device (tablet, mobile phone)&#8230;<\/p>\n","protected":false},"author":5,"featured_media":0,"parent":0,"menu_order":14,"comment_status":"closed","ping_status":"closed","template":"","meta":[],"acf":[],"yoast_head":"<!-- This site is optimized with the Yoast SEO plugin v19.8 - https:\/\/yoast.com\/wordpress\/plugins\/seo\/ -->\n<title>Cookie Policy | S\u00e3o Rafael<\/title>\n<meta name=\"description\" content=\"Read our cookie policy here.\" \/>\n<meta name=\"robots\" content=\"noindex, follow, max-snippet:-1, max-image-preview:large, max-video-preview:-1\" \/>\n<meta property=\"og:locale\" content=\"en_US\" \/>\n<meta property=\"og:type\" content=\"article\" \/>\n<meta property=\"og:title\" content=\"Cookie Policy | S\u00e3o Rafael\" \/>\n<meta property=\"og:description\" content=\"Read our cookie policy here.\" \/>\n<meta property=\"og:url\" content=\"https:\/\/saorafael.up-dev.com\/en\/cookie-policy\/\" \/>\n<meta property=\"og:site_name\" content=\"S\u00e3o Rafael\" \/>\n<meta property=\"article:modified_time\" content=\"2022-06-17T13:54:35+00:00\" \/>\n<meta name=\"twitter:card\" content=\"summary_large_image\" \/>\n<meta name=\"twitter:label1\" content=\"Est. reading time\" \/>\n\t<meta name=\"twitter:data1\" content=\"3 minutes\" \/>\n<script type=\"application\/ld+json\" class=\"yoast-schema-graph\">{\"@context\":\"https:\/\/schema.org\",\"@graph\":[{\"@type\":\"WebPage\",\"@id\":\"https:\/\/saorafael.up-dev.com\/en\/cookie-policy\/\",\"url\":\"https:\/\/saorafael.up-dev.com\/en\/cookie-policy\/\",\"name\":\"Cookie Policy | S\u00e3o Rafael\",\"isPartOf\":{\"@id\":\"https:\/\/saorafael.up-dev.com\/#website\"},\"datePublished\":\"2022-05-18T15:03:28+00:00\",\"dateModified\":\"2022-06-17T13:54:35+00:00\",\"description\":\"Read our cookie policy here.\",\"breadcrumb\":{\"@id\":\"https:\/\/saorafael.up-dev.com\/en\/cookie-policy\/#breadcrumb\"},\"inLanguage\":\"en-US\",\"potentialAction\":[{\"@type\":\"ReadAction\",\"target\":[\"https:\/\/saorafael.up-dev.com\/en\/cookie-policy\/\"]}]},{\"@type\":\"BreadcrumbList\",\"@id\":\"https:\/\/saorafael.up-dev.com\/en\/cookie-policy\/#breadcrumb\",\"itemListElement\":[{\"@type\":\"ListItem\",\"position\":1,\"name\":\"Home\",\"item\":\"https:\/\/saorafael.up-dev.com\/en\/\"},{\"@type\":\"ListItem\",\"position\":2,\"name\":\"Cookie Policy\"}]},{\"@type\":\"WebSite\",\"@id\":\"https:\/\/saorafael.up-dev.com\/#website\",\"url\":\"https:\/\/saorafael.up-dev.com\/\",\"name\":\"S\u00e3o Rafael\",\"description\":\"Glorious Gutenberg\",\"potentialAction\":[{\"@type\":\"SearchAction\",\"target\":{\"@type\":\"EntryPoint\",\"urlTemplate\":\"https:\/\/saorafael.up-dev.com\/?s={search_term_string}\"},\"query-input\":\"required name=search_term_string\"}],\"inLanguage\":\"en-US\"}]}<\/script>\n<!-- \/ Yoast SEO plugin. -->","yoast_head_json":{"title":"Cookie Policy | S\u00e3o Rafael","description":"Read our cookie policy here.","robots":{"index":"noindex","follow":"follow","max-snippet":"max-snippet:-1","max-image-preview":"max-image-preview:large","max-video-preview":"max-video-preview:-1"},"og_locale":"en_US","og_type":"article","og_title":"Cookie Policy | S\u00e3o Rafael","og_description":"Read our cookie policy here.","og_url":"https:\/\/saorafael.up-dev.com\/en\/cookie-policy\/","og_site_name":"S\u00e3o Rafael","article_modified_time":"2022-06-17T13:54:35+00:00","twitter_card":"summary_large_image","twitter_misc":{"Est. reading time":"3 minutes"},"schema":{"@context":"https:\/\/schema.org","@graph":[{"@type":"WebPage","@id":"https:\/\/saorafael.up-dev.com\/en\/cookie-policy\/","url":"https:\/\/saorafael.up-dev.com\/en\/cookie-policy\/","name":"Cookie Policy | S\u00e3o Rafael","isPartOf":{"@id":"https:\/\/saorafael.up-dev.com\/#website"},"datePublished":"2022-05-18T15:03:28+00:00","dateModified":"2022-06-17T13:54:35+00:00","description":"Read our cookie policy here.","breadcrumb":{"@id":"https:\/\/saorafael.up-dev.com\/en\/cookie-policy\/#breadcrumb"},"inLanguage":"en-US","potentialAction":[{"@type":"ReadAction","target":["https:\/\/saorafael.up-dev.com\/en\/cookie-policy\/"]}]},{"@type":"BreadcrumbList","@id":"https:\/\/saorafael.up-dev.com\/en\/cookie-policy\/#breadcrumb","itemListElement":[{"@type":"ListItem","position":1,"name":"Home","item":"https:\/\/saorafael.up-dev.com\/en\/"},{"@type":"ListItem","position":2,"name":"Cookie Policy"}]},{"@type":"WebSite","@id":"https:\/\/saorafael.up-dev.com\/#website","url":"https:\/\/saorafael.up-dev.com\/","name":"S\u00e3o Rafael","description":"Glorious Gutenberg","potentialAction":[{"@type":"SearchAction","target":{"@type":"EntryPoint","urlTemplate":"https:\/\/saorafael.up-dev.com\/?s={search_term_string}"},"query-input":"required name=search_term_string"}],"inLanguage":"en-US"}]}},"_links":{"self":[{"href":"https:\/\/saorafael.up-dev.com\/en\/wp-json\/wp\/v2\/pages\/4139"}],"collection":[{"href":"https:\/\/saorafael.up-dev.com\/en\/wp-json\/wp\/v2\/pages"}],"about":[{"href":"https:\/\/saorafael.up-dev.com\/en\/wp-json\/wp\/v2\/types\/page"}],"author":[{"embeddable":true,"href":"https:\/\/saorafael.up-dev.com\/en\/wp-json\/wp\/v2\/users\/5"}],"replies":[{"embeddable":true,"href":"https:\/\/saorafael.up-dev.com\/en\/wp-json\/wp\/v2\/comments?post=4139"}],"version-history":[{"count":3,"href":"https:\/\/saorafael.up-dev.com\/en\/wp-json\/wp\/v2\/pages\/4139\/revisions"}],"predecessor-version":[{"id":4300,"href":"https:\/\/saorafael.up-dev.com\/en\/wp-json\/wp\/v2\/pages\/4139\/revisions\/4300"}],"wp:attachment":[{"href":"https:\/\/saorafael.up-dev.com\/en\/wp-json\/wp\/v2\/media?parent=4139"}],"curies":[{"name":"wp","href":"https:\/\/api.w.org\/{rel}","templated":true}]}}